{"id":3,"date":"2022-04-27T06:26:43","date_gmt":"2022-04-27T04:26:43","guid":{"rendered":"https:\/\/victoria-art.eu\/?page_id=3"},"modified":"2022-04-30T09:42:31","modified_gmt":"2022-04-30T07:42:31","slug":"tingimused","status":"publish","type":"page","link":"https:\/\/victoria-art.eu\/en\/tingimused\/","title":{"rendered":"Privaatsuspoliitka ja andmet\u00f6\u00f6tlus"},"content":{"rendered":"<div data-elementor-type=\"wp-page\" data-elementor-id=\"3\" class=\"elementor elementor-3\">\n\t\t\t\t\t\t<section class=\"elementor-section elementor-top-section elementor-element elementor-element-ba78050 gridbg elementor-section-boxed elementor-section-height-default elementor-section-height-default\" data-id=\"ba78050\" data-element_type=\"section\" data-e-type=\"section\" data-settings=\"{&quot;background_background&quot;:&quot;classic&quot;}\">\n\t\t\t\t\t\t\t<div class=\"elementor-background-overlay\"><\/div>\n\t\t\t\t\t\t\t<div class=\"elementor-container elementor-column-gap-wider\">\n\t\t\t\t\t<div class=\"elementor-column elementor-col-50 elementor-top-column elementor-element elementor-element-78b7fe2\" data-id=\"78b7fe2\" data-element_type=\"column\" data-e-type=\"column\">\n\t\t\t<div class=\"elementor-widget-wrap elementor-element-populated\">\n\t\t\t\t\t\t<div class=\"elementor-element elementor-element-af90b2d elementor-widget elementor-widget-template\" data-id=\"af90b2d\" data-element_type=\"widget\" data-e-type=\"widget\" data-settings=\"{&quot;sticky&quot;:&quot;top&quot;,&quot;sticky_parent&quot;:&quot;yes&quot;,&quot;sticky_on&quot;:[&quot;desktop&quot;,&quot;tablet&quot;,&quot;mobile&quot;],&quot;sticky_offset&quot;:0,&quot;sticky_effects_offset&quot;:0}\" data-widget_type=\"template.default\">\n\t\t\t\t<div class=\"elementor-widget-container\">\n\t\t\t\t\t\t\t<div class=\"elementor-template\">\n\t\t\t\t\t<div data-elementor-type=\"header\" data-elementor-id=\"25\" class=\"elementor elementor-25\">\n\t\t\t\t\t<div class=\"elementor-section-wrap\">\n\t\t\t\t\t\t\t\t<section class=\"elementor-section elementor-top-section elementor-element elementor-element-684fa7a elementor-section-boxed elementor-section-height-default elementor-section-height-default\" data-id=\"684fa7a\" data-element_type=\"section\" data-e-type=\"section\">\n\t\t\t\t\t\t<div class=\"elementor-container elementor-column-gap-no\">\n\t\t\t\t\t<div class=\"elementor-column elementor-col-100 elementor-top-column elementor-element elementor-element-5cd5483\" data-id=\"5cd5483\" data-element_type=\"column\" data-e-type=\"column\">\n\t\t\t<div class=\"elementor-widget-wrap elementor-element-populated\">\n\t\t\t\t\t\t<section class=\"elementor-section elementor-inner-section elementor-element elementor-element-be52c3d elementor-section-boxed elementor-section-height-default elementor-section-height-default\" data-id=\"be52c3d\" data-element_type=\"section\" data-e-type=\"section\">\n\t\t\t\t\t\t\t<div class=\"elementor-background-overlay\"><\/div>\n\t\t\t\t\t\t\t<div class=\"elementor-container elementor-column-gap-no\">\n\t\t\t\t\t<div class=\"elementor-column elementor-col-100 elementor-inner-column elementor-element elementor-element-06a7f27\" data-id=\"06a7f27\" data-element_type=\"column\" data-e-type=\"column\">\n\t\t\t<div class=\"elementor-widget-wrap elementor-element-populated\">\n\t\t\t\t\t\t<div class=\"elementor-element elementor-element-9fd9255 elementor-widget elementor-widget-theme-site-logo elementor-widget-image\" data-id=\"9fd9255\" data-element_type=\"widget\" data-e-type=\"widget\" data-widget_type=\"theme-site-logo.default\">\n\t\t\t\t<div class=\"elementor-widget-container\">\n\t\t\t\t\t\t\t\t\t\t\t\t\t\t\t\t<a href=\"https:\/\/victoria-art.eu\/en\">\n\t\t\t\t\t\t\t<img fetchpriority=\"high\" decoding=\"async\" width=\"1300\" height=\"547\" src=\"https:\/\/victoria-art.eu\/wp-content\/uploads\/2022\/04\/logo_vector.svg\" class=\"attachment-full size-full wp-image-106\" alt=\"\" \/>\t\t\t\t\t\t\t\t<\/a>\n\t\t\t\t\t\t\t\t\t\t\t\t\t\t\t<\/div>\n\t\t\t\t<\/div>\n\t\t\t\t<div class=\"elementor-element elementor-element-5e44435 elementor-nav-menu__align-center elementor-nav-menu__text-align-center elementor-nav-menu--dropdown-tablet elementor-widget elementor-widget-nav-menu\" data-id=\"5e44435\" data-element_type=\"widget\" data-e-type=\"widget\" data-settings=\"{&quot;layout&quot;:&quot;vertical&quot;,&quot;submenu_icon&quot;:{&quot;value&quot;:&quot;&lt;i class=\\&quot;fas fa-caret-down\\&quot;&gt;&lt;\\\/i&gt;&quot;,&quot;library&quot;:&quot;fa-solid&quot;}}\" data-widget_type=\"nav-menu.default\">\n\t\t\t\t<div class=\"elementor-widget-container\">\n\t\t\t\t\t\t\t\t<nav migration_allowed=\"1\" migrated=\"0\" role=\"navigation\" class=\"elementor-nav-menu--main elementor-nav-menu__container elementor-nav-menu--layout-vertical e--pointer-text e--animation-grow\">\n\t\t\t\t<ul id=\"menu-1-5e44435\" class=\"elementor-nav-menu sm-vertical\"><li class=\"menu-item menu-item-type-post_type menu-item-object-page menu-item-home menu-item-23\"><a href=\"https:\/\/victoria-art.eu\/en\/\" class=\"elementor-item\">Main Page<\/a><\/li>\n<li class=\"menu-item menu-item-type-post_type menu-item-object-page menu-item-22\"><a href=\"https:\/\/victoria-art.eu\/en\/koolitused\/\" class=\"elementor-item\">Tattoo<\/a><\/li>\n<li class=\"menu-item menu-item-type-post_type menu-item-object-page menu-item-24\"><a href=\"https:\/\/victoria-art.eu\/en\/portfoolio\/\" class=\"elementor-item\">Airbrush-Art<\/a><\/li>\n<li class=\"menu-item menu-item-type-post_type menu-item-object-page menu-item-21\"><a href=\"https:\/\/victoria-art.eu\/en\/kontakt\/\" class=\"elementor-item\">Contacts<\/a><\/li>\n<\/ul>\t\t\t<\/nav>\n\t\t\t\t\t<div class=\"elementor-menu-toggle\" role=\"button\" tabindex=\"0\" aria-label=\"Menu Toggle\" aria-expanded=\"false\">\n\t\t\t<i aria-hidden=\"true\" role=\"presentation\" class=\"elementor-menu-toggle__icon--open eicon-menu-bar\"><\/i><i aria-hidden=\"true\" role=\"presentation\" class=\"elementor-menu-toggle__icon--close eicon-close\"><\/i>\t\t\t<span class=\"elementor-screen-only\">Menu<\/span>\n\t\t<\/div>\n\t\t\t<nav class=\"elementor-nav-menu--dropdown elementor-nav-menu__container\" role=\"navigation\" aria-hidden=\"true\">\n\t\t\t\t<ul id=\"menu-2-5e44435\" class=\"elementor-nav-menu sm-vertical\"><li class=\"menu-item menu-item-type-post_type menu-item-object-page menu-item-home menu-item-23\"><a href=\"https:\/\/victoria-art.eu\/en\/\" class=\"elementor-item\" tabindex=\"-1\">Main Page<\/a><\/li>\n<li class=\"menu-item menu-item-type-post_type menu-item-object-page menu-item-22\"><a href=\"https:\/\/victoria-art.eu\/en\/koolitused\/\" class=\"elementor-item\" tabindex=\"-1\">Tattoo<\/a><\/li>\n<li class=\"menu-item menu-item-type-post_type menu-item-object-page menu-item-24\"><a href=\"https:\/\/victoria-art.eu\/en\/portfoolio\/\" class=\"elementor-item\" tabindex=\"-1\">Airbrush-Art<\/a><\/li>\n<li class=\"menu-item menu-item-type-post_type menu-item-object-page menu-item-21\"><a href=\"https:\/\/victoria-art.eu\/en\/kontakt\/\" class=\"elementor-item\" tabindex=\"-1\">Contacts<\/a><\/li>\n<\/ul>\t\t\t<\/nav>\n\t\t\t\t\t\t<\/div>\n\t\t\t\t<\/div>\n\t\t\t\t<div class=\"elementor-element elementor-element-2fd91c2 elementor-shape-circle elementor-grid-0 e-grid-align-center elementor-widget elementor-widget-social-icons\" data-id=\"2fd91c2\" data-element_type=\"widget\" data-e-type=\"widget\" data-widget_type=\"social-icons.default\">\n\t\t\t\t<div class=\"elementor-widget-container\">\n\t\t\t\t\t\t\t<div class=\"elementor-social-icons-wrapper elementor-grid\" role=\"list\">\n\t\t\t\t\t\t\t<span class=\"elementor-grid-item\" role=\"listitem\">\n\t\t\t\t\t<a class=\"elementor-icon elementor-social-icon elementor-social-icon-facebook elementor-repeater-item-3969300\" href=\"https:\/\/www.facebook.com\/Victoria.Airbrush.Art\" target=\"_blank\">\n\t\t\t\t\t\t<span class=\"elementor-screen-only\">Facebook<\/span>\n\t\t\t\t\t\t<i aria-hidden=\"true\" class=\"fab fa-facebook\"><\/i>\t\t\t\t\t<\/a>\n\t\t\t\t<\/span>\n\t\t\t\t\t\t\t<span class=\"elementor-grid-item\" role=\"listitem\">\n\t\t\t\t\t<a class=\"elementor-icon elementor-social-icon elementor-social-icon-instagram elementor-repeater-item-7658d5d\" href=\"https:\/\/www.instagram.com\/victoria_art.eu\/\" target=\"_blank\">\n\t\t\t\t\t\t<span class=\"elementor-screen-only\">Instagram<\/span>\n\t\t\t\t\t\t<i aria-hidden=\"true\" class=\"fab fa-instagram\"><\/i>\t\t\t\t\t<\/a>\n\t\t\t\t<\/span>\n\t\t\t\t\t\t\t<span class=\"elementor-grid-item\" role=\"listitem\">\n\t\t\t\t\t<a class=\"elementor-icon elementor-social-icon elementor-social-icon-youtube elementor-repeater-item-ad2243c\" href=\"https:\/\/www.youtube.com\/channel\/UC7fSGAkqjc6QnXpJ0-jeyMA\" target=\"_blank\">\n\t\t\t\t\t\t<span class=\"elementor-screen-only\">Youtube<\/span>\n\t\t\t\t\t\t<i aria-hidden=\"true\" class=\"fab fa-youtube\"><\/i>\t\t\t\t\t<\/a>\n\t\t\t\t<\/span>\n\t\t\t\t\t<\/div>\n\t\t\t\t\t\t<\/div>\n\t\t\t\t<\/div>\n\t\t\t\t\t<\/div>\n\t\t<\/div>\n\t\t\t\t\t<\/div>\n\t\t<\/section>\n\t\t\t\t<section class=\"elementor-section elementor-inner-section elementor-element elementor-element-84ac96e specialmenu elementor-section-boxed elementor-section-height-default elementor-section-height-default\" data-id=\"84ac96e\" data-element_type=\"section\" data-e-type=\"section\">\n\t\t\t\t\t\t\t<div class=\"elementor-background-overlay\"><\/div>\n\t\t\t\t\t\t\t<div class=\"elementor-container elementor-column-gap-default\">\n\t\t\t\t\t<div class=\"elementor-column elementor-col-100 elementor-inner-column elementor-element elementor-element-d85b1bc\" data-id=\"d85b1bc\" data-element_type=\"column\" data-e-type=\"column\">\n\t\t\t<div class=\"elementor-widget-wrap elementor-element-populated\">\n\t\t\t\t\t\t<div class=\"elementor-element elementor-element-2e8d46a specialmenu elementor-widget elementor-widget-spacer\" data-id=\"2e8d46a\" data-element_type=\"widget\" data-e-type=\"widget\" data-widget_type=\"spacer.default\">\n\t\t\t\t<div class=\"elementor-widget-container\">\n\t\t\t\t\t\t\t<div class=\"elementor-spacer\">\n\t\t\t<div class=\"elementor-spacer-inner\"><\/div>\n\t\t<\/div>\n\t\t\t\t\t\t<\/div>\n\t\t\t\t<\/div>\n\t\t\t\t\t<\/div>\n\t\t<\/div>\n\t\t\t\t\t<\/div>\n\t\t<\/section>\n\t\t\t\t\t<\/div>\n\t\t<\/div>\n\t\t\t\t\t<\/div>\n\t\t<\/section>\n\t\t\t\t\t\t\t<\/div>\n\t\t\t\t<\/div>\n\t\t\t\t<\/div>\n\t\t\t\t\t\t<\/div>\n\t\t\t\t<\/div>\n\t\t\t\t\t<\/div>\n\t\t<\/div>\n\t\t\t\t<div class=\"elementor-column elementor-col-50 elementor-top-column elementor-element elementor-element-eedc027\" data-id=\"eedc027\" data-element_type=\"column\" data-e-type=\"column\" data-settings=\"{&quot;background_background&quot;:&quot;classic&quot;}\">\n\t\t\t<div class=\"elementor-widget-wrap elementor-element-populated\">\n\t\t\t\t\t\t<div class=\"elementor-element elementor-element-355690e animated-fast elementor-invisible elementor-widget elementor-widget-heading\" data-id=\"355690e\" data-element_type=\"widget\" data-e-type=\"widget\" data-settings=\"{&quot;_animation&quot;:&quot;fadeIn&quot;}\" data-widget_type=\"heading.default\">\n\t\t\t\t<div class=\"elementor-widget-container\">\n\t\t\t\t\t<h2 class=\"elementor-heading-title elementor-size-default\">Privaatsuspoliitka ja andmet\u00f6\u00f6tlus<\/h2>\t\t\t\t<\/div>\n\t\t\t\t<\/div>\n\t\t\t\t<div class=\"elementor-element elementor-element-036d65e elementor-widget elementor-widget-text-editor\" data-id=\"036d65e\" data-element_type=\"widget\" data-e-type=\"widget\" data-widget_type=\"text-editor.default\">\n\t\t\t\t<div class=\"elementor-widget-container\">\n\t\t\t\t\t\t\t\t\t<h3>Vastutav andmet\u00f6\u00f6tleja<\/h3>\n<div><strong>Victoria-art O\u00dc<\/strong><\/div>\n<div><strong>Reg: 14311726<\/strong><\/div>\n<div><b>Lehtri 4, 11625 Tallinn<\/b><\/div>\n<h3>\u00dcldine<\/h3>\n<div>Isikuandmed on andmed, mida kogume teenuse osutamiseks, isiku tuvastamiseks, isikuga \u00fchenduse v\u00f5tmiseks teenuse osutamiseks v\u00f5i k\u00fcsimuste lahendamiseks. Me ei t\u00f6\u00f6tle EUROOPA PARLAMENDI JA N\u00d5UKOGU M\u00c4\u00c4RUS (EL) 2016\/679 (inglise keeles General Data Protection Regulation ehk GDPR v\u00f5i EU Regulation 2016\/679) m\u00e4\u00e4ruses defineeritud delikaatseid isikuandmeid.<\/div>\n<h3>M\u00f5isted<\/h3>\n<ul>\n<li>Vastutav t\u00f6\u00f6tleja on f\u00fc\u00fcsiline v\u00f5i juriidiline isik, avaliku sektori asutus, amet v\u00f5i muu organ, kes m\u00e4\u00e4rab kindlaks isikuandmete t\u00f6\u00f6tlemise eesm\u00e4rgid ja vahendid.<br \/><br \/><\/li>\n<li>Volitatud t\u00f6\u00f6tleja on f\u00fc\u00fcsiline v\u00f5i juriidiline isik, avaliku sektori asutus, amet v\u00f5i muu organ, kes t\u00f6\u00f6tleb isikuandmeid vastutava t\u00f6\u00f6tleja nimel.<br \/><br \/><\/li>\n<li>Isikuandmed on igasugune teave tuvastatud v\u00f5i tuvastatava f\u00fc\u00fcsilise isiku (\u201candmesubjekti\u201d) kohta; tuvastatav f\u00fc\u00fcsiline isik on isik, keda saab otseselt v\u00f5i kaudselt tuvastada, eelk\u00f5ige sellise identifitseerimistunnuse p\u00f5hjal nagu nimi, isikukood, asukohateave, v\u00f5rguidentifikaator v\u00f5i selle f\u00fc\u00fcsilise isiku \u00fche v\u00f5i mitme f\u00fc\u00fcsilise, f\u00fcsioloogilise, geneetilise, vaimse, majandusliku, kultuurilise v\u00f5i sotsiaalse tunnuse p\u00f5hjal.<br \/><br \/><\/li>\n<li>Isikuandmete t\u00f6\u00f6tlemine \u2013 isikuandmete v\u00f5i nende kogumitega tehtav automatiseeritud v\u00f5i automatiseerimata toiming v\u00f5i toimingute kogum, nagu kogumine, dokumenteerimine, korrastamine, struktureerimine, s\u00e4ilitamine, kohandamine ja muutmine, p\u00e4ringute tegemine, lugemine, kasutamine, edastamise, levitamise v\u00f5i muul moel k\u00e4ttesaadavaks tegemise teel avalikustamine, \u00fchitamine v\u00f5i \u00fchendamine, piiramine, kustutamine v\u00f5i h\u00e4vitamine.<br \/><br \/><\/li>\n<li>\u201cK\u00fcpsis\u201d (cookie) on tekstifail, mille veebileht salvestab sinu arvutisse v\u00f5i nutiseadmesse, kui k\u00fclastad meie veebisaiti. See v\u00f5imaldab talletada infot eelistuste kohta, et Sa ei peaks seda lehte uuesti k\u00fclastades v\u00f5i lehti sirvides uuesti valikuid tegema.<\/li>\n<\/ul>\n<div><strong>Milliseid isikuandmeid ning mis eesm\u00e4rgil me kogume?<\/strong><\/div>\n<ul>\n<li>Veebisaidi platvormi ehk WordPressi CMSi poolt salvestatavad andmed.<\/li>\n<li>Veebisaidi sirvimise statistika t\u00f6\u00f6riistade Google Analytics ja Facebook Pixel abil.<\/li>\n<li>Online vestluse (live chat) rakendusega seotud andmed ja vestluste sisud.<\/li>\n<li>Veebisaidil t\u00e4idetud p\u00e4ringuvormide sisu (sh hinnap\u00e4ringu ja tagasiside vormid ning uudiskirjaga liitumise vorm).<\/li>\n<\/ul>\n<h3>K\u00fcpsised<\/h3>\n<div>Kasutame k\u00fcpsiseid pakutavate teenuste kvaliteedi parandamiseks. Kasutame seansik\u00fcpsiseid, p\u00fcsik\u00fcpsiseid ja kolmanda isiku k\u00fcpsiseid (Google Analytics, Facebook):<\/div>\n<ul>\n<li>Uute ja endiste klientide identifitseerimiseks.<\/li>\n<li>Sinu eelistuste talletamiseks (nt keel, v\u00e4rvide kontrastid v\u00f5i kirja suurus).<\/li>\n<li>Talletamiseks, kas oled (v\u00f5i ei ole) n\u00f5ustunud meie k\u00fcpsistega sellel veebisaidil.<\/li>\n<li>Koguda usaldusv\u00e4\u00e4rset informatsiooni lehe k\u00fclastatavuse kohta, mis v\u00f5imaldab m\u00f5\u00f5ta, kuiv\u00f5rd leht vastab kasutajate vajadustele ning teha v\u00f5imalikke parendusi.<\/li>\n<\/ul>\n<div>K\u00fcpsiste lubamine ei ole v\u00e4ltimatult vajalik veebisaidi p\u00f5hifunktsioonide toimimiseks, kuid annab parema lehitsemiskogemuse. Soovi korral v\u00f5id alati k\u00fcpsised kustutada v\u00f5i blokeerida, kuid seda tehes ei pruugi veebilehe m\u00f5ned funktsioonid t\u00f6\u00f6tada soovitud viisil.<\/div>\n<div>Arvesta, et m\u00f5ned k\u00fcpsised p\u00e4rinevad kolmandast isikust teenusepakkujalt, kes t\u00e4idab m\u00f5nda neist \u00fclesannetest meie asemel.<\/div>\n<div>K\u00fcpsistega seotud informatsiooni ei kasutata isiku tuvastamiseks. K\u00fcpsiseid ei kasutata \u00fchekski muuks otstarbeks kui eelnevalt kirjeldatud.<\/div>\n<h4>Kui kaua me andmeid s\u00e4ilitame?<\/h4>\n<div>Veebilehel kogutud isikustamata tehnilisi andmeid s\u00e4ilitatakse t\u00e4htajatult.<\/div>\n<div>Isiku- ja kliendiandmeid s\u00e4ilitame nii kaua, kuni see on teenuste pakkumiseks vajalik.<\/div>\n<h4>Isikuandmete jagamine<\/h4>\n<div>V\u00f5ime muuta sinu isikuandmed, kliendiandmed v\u00f5i \u00e4riinfo k\u00e4ttesaadavaks firmadele, mis pakuvad meie \u00e4ritegevust toetavaid teenuseid nagu veebilehe anal\u00fc\u00fctikud v\u00f5i klienditeeninduse pakkujad. Need firmad on volitatud kasutama isikuandmeid, kliendiandmeid v\u00f5i \u00e4riinfot ainult selleks, et osutada meile teenuseid. Teenusepakkujate valikul j\u00e4lgime, et teenusepakkuja asuks Euroopa majanduspiirkonnas.<\/div>\n<div>Jagame sinu isikuandmeid, kliendiandmeid v\u00f5i \u00e4riinfot kolmandatele isikutele ainult privaatsusteatises kirjeldatud viisil. Me ei m\u00fc\u00fc sinu isikuandmeid kolmandatele isikutele.<\/div>\n<h4>\u00d5igused<\/h4>\n<div>Teatud juhtudel on sul \u00f5igus n\u00f5uda sinu kohta k\u00e4ivate isikuandmete t\u00f6\u00f6tlemise piiramist ja \u00f5igus esitada vastuv\u00e4iteid sinu kohta k\u00e4ivate isikuandmete t\u00f6\u00f6tlemisele.<\/div>\n<div>Kui leiad, et sinu privaatsust on kuritarvitatud, siis palume meiega \u00fchendust v\u00f5tta. Sul on ka \u00f5igus esitada kaebus selle riigi andmekaitse j\u00e4relvalveasutusele, kus asub sinu alaline elukoht.<\/div>\n<h4>Isikuandmete t\u00f6\u00f6tlemiseks antud n\u00f5usoleku tagasiv\u00f5tmine<\/h4>\n<div>Kui isikuandmete t\u00f6\u00f6tlemiseks, avalikustamiseks v\u00f5i andmetele juurdep\u00e4\u00e4su v\u00f5imaldamiseks ei ole (enam) seaduslikku alust, saab n\u00f5uda andmete kasutamise l\u00f5petamist v\u00f5i kustutamist, andmete avalikustamise v\u00f5i andmetele juurdep\u00e4\u00e4su v\u00f5imaldamise l\u00f5petamist. Selleks tuleks esitada isikut tuvastada v\u00f5imaldaval moel taotlus ning edastada see vk@victoria-art.eu. See ei puuduta andmeid, mida oleme kohustatud s\u00e4ilitama halduse, seaduste v\u00f5i turvalisuse vajadustest l\u00e4htuvalt.<\/div>\t\t\t\t\t\t\t\t<\/div>\n\t\t\t\t<\/div>\n\t\t\t\t\t<\/div>\n\t\t<\/div>\n\t\t\t\t\t<\/div>\n\t\t<\/section>\n\t\t\t\t<section class=\"elementor-section elementor-top-section elementor-element elementor-element-29f8590 elementor-section-full_width elementor-section-height-default elementor-section-height-default\" data-id=\"29f8590\" data-element_type=\"section\" data-e-type=\"section\">\n\t\t\t\t\t\t<div class=\"elementor-container elementor-column-gap-no\">\n\t\t\t\t\t<div class=\"elementor-column elementor-col-100 elementor-top-column elementor-element elementor-element-396a4fb\" data-id=\"396a4fb\" data-element_type=\"column\" data-e-type=\"column\">\n\t\t\t<div class=\"elementor-widget-wrap elementor-element-populated\">\n\t\t\t\t\t\t<div class=\"elementor-element elementor-element-3d86265 elementor-widget elementor-widget-template\" data-id=\"3d86265\" data-element_type=\"widget\" data-e-type=\"widget\" data-widget_type=\"template.default\">\n\t\t\t\t<div class=\"elementor-widget-container\">\n\t\t\t\t\t\t\t<div class=\"elementor-template\">\n\t\t\t\t\t<div data-elementor-type=\"footer\" data-elementor-id=\"1275\" class=\"elementor elementor-1275\">\n\t\t\t\t\t<div class=\"elementor-section-wrap\">\n\t\t\t\t\t\t\t\t<section class=\"elementor-section elementor-top-section elementor-element elementor-element-3de3178 elementor-section-boxed elementor-section-height-default elementor-section-height-default\" data-id=\"3de3178\" data-element_type=\"section\" data-e-type=\"section\" data-settings=\"{&quot;background_background&quot;:&quot;classic&quot;}\">\n\t\t\t\t\t\t<div class=\"elementor-container elementor-column-gap-no\">\n\t\t\t\t\t<div class=\"elementor-column elementor-col-50 elementor-top-column elementor-element elementor-element-1813e86\" data-id=\"1813e86\" data-element_type=\"column\" data-e-type=\"column\">\n\t\t\t<div class=\"elementor-widget-wrap elementor-element-populated\">\n\t\t\t\t\t\t<div class=\"elementor-element elementor-element-f079773 elementor-widget elementor-widget-text-editor\" data-id=\"f079773\" data-element_type=\"widget\" data-e-type=\"widget\" data-widget_type=\"text-editor.default\">\n\t\t\t\t<div class=\"elementor-widget-container\">\n\t\t\t\t\t\t\t\t\t<p>\u00a9 2022 victoria-art.eu<\/p>\t\t\t\t\t\t\t\t<\/div>\n\t\t\t\t<\/div>\n\t\t\t\t\t<\/div>\n\t\t<\/div>\n\t\t\t\t<div class=\"elementor-column elementor-col-50 elementor-top-column elementor-element elementor-element-8b54f4b\" data-id=\"8b54f4b\" data-element_type=\"column\" data-e-type=\"column\">\n\t\t\t<div class=\"elementor-widget-wrap elementor-element-populated\">\n\t\t\t\t\t\t<div class=\"elementor-element elementor-element-fbe3321 elementor-widget elementor-widget-text-editor\" data-id=\"fbe3321\" data-element_type=\"widget\" data-e-type=\"widget\" data-widget_type=\"text-editor.default\">\n\t\t\t\t<div class=\"elementor-widget-container\">\n\t\t\t\t\t\t\t\t\t<p>Antud lehek\u00fclg kasutab parema funktsionaalsuse ja efektiivsema t\u00f6\u00f6 tagamiseks k\u00fcpsiseid. J\u00e4tkates victoria-art.eu kodulehe kasutamist, n\u00f5ustute k\u00fcpsistega vastavalt <a href=\"https:\/\/victoria-art.eu\/en\/tingimused\/\">k\u00fcpsiste kasutuspoliitikale<\/a>.<\/p>\t\t\t\t\t\t\t\t<\/div>\n\t\t\t\t<\/div>\n\t\t\t\t\t<\/div>\n\t\t<\/div>\n\t\t\t\t\t<\/div>\n\t\t<\/section>\n\t\t\t\t\t\t\t<\/div>\n\t\t\t\t<\/div>\n\t\t\t\t<\/div>\n\t\t\t\t\t\t<\/div>\n\t\t\t\t<\/div>\n\t\t\t\t\t<\/div>\n\t\t<\/div>\n\t\t\t\t\t<\/div>\n\t\t<\/section>\n\t\t\t\t<\/div>\n\t\t\n    <div class=\"xs_social_share_widget xs_share_url after_content \t\tmain_content  wslu-style-1 wslu-share-box-shaped wslu-fill-colored wslu-none wslu-share-horizontal wslu-theme-font-no wslu-main_content\">\n\n\t\t\n        <ul>\n\t\t\t        <\/ul>\n    <\/div>","protected":false},"excerpt":{"rendered":"<p>Privaatsuspoliitka ja andmet\u00f6\u00f6tlus Vastutav andmet\u00f6\u00f6tleja Victoria-art O\u00dc Reg: 14311726 Lehtri 4, 11625 Tallinn \u00dcldine Isikuandmed on andmed, mida kogume teenuse osutamiseks, isiku tuvastamiseks, isikuga \u00fchenduse v\u00f5tmiseks teenuse osutamiseks v\u00f5i k\u00fcsimuste lahendamiseks. Me ei t\u00f6\u00f6tle EUROOPA PARLAMENDI JA N\u00d5UKOGU M\u00c4\u00c4RUS (EL) 2016\/679 (inglise keeles General Data Protection Regulation ehk GDPR v\u00f5i EU Regulation 2016\/679) m\u00e4\u00e4ruses defineeritud [&hellip;]<\/p>","protected":false},"author":1,"featured_media":0,"parent":0,"menu_order":0,"comment_status":"closed","ping_status":"closed","template":"elementor_canvas","meta":{"inline_featured_image":false,"_exactmetrics_skip_tracking":false,"_exactmetrics_sitenote_active":false,"_exactmetrics_sitenote_note":"","_exactmetrics_sitenote_category":0,"footnotes":""},"class_list":["post-3","page","type-page","status-publish","hentry"],"_links":{"self":[{"href":"https:\/\/victoria-art.eu\/en\/wp-json\/wp\/v2\/pages\/3","targetHints":{"allow":["GET"]}}],"collection":[{"href":"https:\/\/victoria-art.eu\/en\/wp-json\/wp\/v2\/pages"}],"about":[{"href":"https:\/\/victoria-art.eu\/en\/wp-json\/wp\/v2\/types\/page"}],"author":[{"embeddable":true,"href":"https:\/\/victoria-art.eu\/en\/wp-json\/wp\/v2\/users\/1"}],"replies":[{"embeddable":true,"href":"https:\/\/victoria-art.eu\/en\/wp-json\/wp\/v2\/comments?post=3"}],"version-history":[{"count":11,"href":"https:\/\/victoria-art.eu\/en\/wp-json\/wp\/v2\/pages\/3\/revisions"}],"predecessor-version":[{"id":1334,"href":"https:\/\/victoria-art.eu\/en\/wp-json\/wp\/v2\/pages\/3\/revisions\/1334"}],"wp:attachment":[{"href":"https:\/\/victoria-art.eu\/en\/wp-json\/wp\/v2\/media?parent=3"}],"curies":[{"name":"wp","href":"https:\/\/api.w.org\/{rel}","templated":true}]}}